{"id":1070,"date":"2024-11-01T15:18:06","date_gmt":"2024-11-01T14:18:06","guid":{"rendered":"https:\/\/imk-nextgear.com\/?page_id=1070"},"modified":"2025-02-17T14:26:40","modified_gmt":"2025-02-17T13:26:40","slug":"impressum","status":"publish","type":"page","link":"https:\/\/imk-nextgear.com\/en\/impressum\/","title":{"rendered":"Imprint"},"content":{"rendered":"<h3 class=\"wp-block-heading\">Address<\/h3>\n\n\n\n<p>imk Management Services GmbH<br>Amselgrund 30<br>09128 Chemnitz<br><br>Phone: +49 (0)371 - 400 97 0<br>Fax: +49 (0)371 - 400 97 19<br>E-Mail:&nbsp;<a href=\"mailto:info@imk-ic.com\">info@imk-ic.com<\/a><\/p>\n\n\n\n<h3 class=\"wp-block-heading\">Managing Director<\/h3>\n\n\n\n<p>Dr.-Ing. Jens Trepte<\/p>\n\n\n\n<h3 class=\"wp-block-heading\">Commercial register<\/h3>\n\n\n\n<p>Chemnitz HRB 20077<\/p>\n\n\n\n<h3 class=\"wp-block-heading\">Tax number<\/h3>\n\n\n\n<p>214 \/ 111 \/ 03436 Tax office Chemnitz South<\/p>\n\n\n\n<h3 class=\"wp-block-heading\">Sales tax ID<\/h3>\n\n\n\n<p>EN 223912643<\/p>\n\n\n\n<h3 class=\"wp-block-heading\">Liability for content<\/h3>\n\n\n\n<p>The contents of our pages have been created with the greatest care. However, we cannot accept any liability for the accuracy, completeness and topicality of the content. As a service provider, we are responsible for our own content on these pages in accordance with general legislation. However, as a service provider, we are not obliged to monitor transmitted or stored third-party information or to investigate circumstances that indicate illegal activity. Obligations to remove or block the use of information in accordance with general legislation remain unaffected by this. However, liability in this respect is only possible from the time of knowledge of a specific infringement. As soon as we become aware of such infringements, we will remove this content immediately.<\/p>\n\n\n\n<h3 class=\"wp-block-heading\">Liability for links<\/h3>\n\n\n\n<p>Our website contains links to external third-party websites over whose content we have no influence. Therefore, we cannot accept any liability for this third-party content. The respective provider or operator of the pages is always responsible for the content of the linked pages. The linked pages were checked for possible legal violations at the time of linking. Illegal content was not recognizable at the time of linking. However, permanent monitoring of the content of the linked pages is not reasonable without concrete evidence of an infringement. If we become aware of any legal infringements, we will remove such links immediately.<\/p>\n\n\n\n<h3 class=\"wp-block-heading\">Copyright<\/h3>\n\n\n\n<p>The content and works created by the site operators on these pages are subject to German copyright law. Duplication, processing, distribution and any form of commercialization of such material beyond the scope of the copyright law shall require the prior written consent of its respective author or creator. Downloads and copies of this site are only permitted for private, non-commercial use and with the prior consent of the copyright holder. Insofar as the content on this site was not created by imk automotive, the copyrights of third parties are respected. In particular, third-party content is identified as such. Should you nevertheless become aware of a copyright infringement, please inform us accordingly. If we become aware of any infringements, we will remove such content immediately.<\/p>\n\n\n\n<p><strong>Social media channels<\/strong><br>This legal notice also applies to our social media presence on&nbsp;<a href=\"https:\/\/www.facebook.com\/Imk-automotive-GmbH-131371557456075\/\" target=\"_blank\" rel=\"noreferrer noopener\">Facebook<\/a>,&nbsp;<a href=\"https:\/\/plus.google.com\/111334428449159936021\" target=\"_blank\" rel=\"noreferrer noopener\">Google+<\/a>,&nbsp;<a href=\"https:\/\/www.youtube.com\/user\/imkautomotive\" target=\"_blank\" rel=\"noreferrer noopener\">YouTube<\/a>,&nbsp;<a href=\"https:\/\/www.xing.com\/companies\/imkautomotivegmbh\" target=\"_blank\" rel=\"noreferrer noopener\">XING<\/a>,&nbsp;<a href=\"https:\/\/www.linkedin.com\/company\/imk-automotive-gmbh\" target=\"_blank\" rel=\"noreferrer noopener\">Linkedin&nbsp;<\/a>and our&nbsp;<a href=\"https:\/\/imk-videoblog.blogspot.de\/\" target=\"_blank\" rel=\"noreferrer noopener\">Video blog<\/a><\/p>\n\n\n\n<h2 class=\"wp-block-heading\">Web development<\/h2>\n\n\n\n<p>theCASE GmbH &amp; Co. KG<br>Creative &amp; digital agency<br><a href=\"http:\/\/www.thecase.digital\">www.thecase.digital<\/a><\/p>\n\n\n\n<p>Agricolastr. 67, 09112 Chemnitz<br>Phone: 0371 \/ 335 27 180<br><a href=\"mailto:info@thecase.digital\">info@thecase.digital<\/a><\/p>","protected":false},"excerpt":{"rendered":"<p>Anschrift imk Management Services GmbHAmselgrund 3009128 Chemnitz Telefon: +49 (0)371 \u2013 400 97 0Fax: +49 (0)371 \u2013 400 97 19E-Mail:&nbsp;info@imk-ic.com Gesch\u00e4ftsf\u00fchrer Dr.-Ing. Jens Trepte Handelsregister Chemnitz HRB 20077 Steuernummer 214 \/ 111 \/ 03436 Finanzamt Chemnitz S\u00fcd Umsatzsteuer-ID DE 223912643 Haftung f\u00fcr Inhalte Die Inhalte unserer Seiten wurden mit gr\u00f6\u00dfter Sorgfalt erstellt. F\u00fcr die Richtigkeit, [&hellip;]<\/p>\n","protected":false},"author":1,"featured_media":0,"parent":0,"menu_order":0,"comment_status":"closed","ping_status":"closed","template":"","meta":{"footnotes":""},"class_list":["post-1070","page","type-page","status-publish","hentry"],"yoast_head":"<!-- This site is optimized with the Yoast SEO plugin v27.5 - https:\/\/yoast.com\/product\/yoast-seo-wordpress\/ -->\n<title>Impressum - imk next|gear<\/title>\n<meta name=\"robots\" content=\"index, follow, max-snippet:-1, max-image-preview:large, max-video-preview:-1\" \/>\n<link rel=\"canonical\" href=\"https:\/\/imk-nextgear.com\/en\/impressum\/\" \/>\n<meta property=\"og:locale\" content=\"en_US\" \/>\n<meta property=\"og:type\" content=\"article\" \/>\n<meta property=\"og:title\" content=\"Impressum - imk next|gear\" \/>\n<meta property=\"og:description\" content=\"Anschrift imk Management Services GmbHAmselgrund 3009128 Chemnitz Telefon: +49 (0)371 \u2013 400 97 0Fax: +49 (0)371 \u2013 400 97 19E-Mail:&nbsp;info@imk-ic.com Gesch\u00e4ftsf\u00fchrer Dr.-Ing. Jens Trepte Handelsregister Chemnitz HRB 20077 Steuernummer 214 \/ 111 \/ 03436 Finanzamt Chemnitz S\u00fcd Umsatzsteuer-ID DE 223912643 Haftung f\u00fcr Inhalte Die Inhalte unserer Seiten wurden mit gr\u00f6\u00dfter Sorgfalt erstellt. F\u00fcr die Richtigkeit, [&hellip;]\" \/>\n<meta property=\"og:url\" content=\"https:\/\/imk-nextgear.com\/en\/impressum\/\" \/>\n<meta property=\"og:site_name\" content=\"imk next|gear\" \/>\n<meta property=\"article:modified_time\" content=\"2025-02-17T13:26:40+00:00\" \/>\n<meta name=\"twitter:card\" content=\"summary_large_image\" \/>\n<meta name=\"twitter:label1\" content=\"Est. reading time\" \/>\n\t<meta name=\"twitter:data1\" content=\"3 minutes\" \/>\n<script type=\"application\/ld+json\" class=\"yoast-schema-graph\">{\"@context\":\"https:\\\/\\\/schema.org\",\"@graph\":[{\"@type\":\"WebPage\",\"@id\":\"https:\\\/\\\/imk-nextgear.com\\\/impressum\\\/\",\"url\":\"https:\\\/\\\/imk-nextgear.com\\\/impressum\\\/\",\"name\":\"Impressum - imk next|gear\",\"isPartOf\":{\"@id\":\"https:\\\/\\\/imk-nextgear.com\\\/#website\"},\"datePublished\":\"2024-11-01T14:18:06+00:00\",\"dateModified\":\"2025-02-17T13:26:40+00:00\",\"breadcrumb\":{\"@id\":\"https:\\\/\\\/imk-nextgear.com\\\/impressum\\\/#breadcrumb\"},\"inLanguage\":\"en-US\",\"potentialAction\":[{\"@type\":\"ReadAction\",\"target\":[\"https:\\\/\\\/imk-nextgear.com\\\/impressum\\\/\"]}]},{\"@type\":\"BreadcrumbList\",\"@id\":\"https:\\\/\\\/imk-nextgear.com\\\/impressum\\\/#breadcrumb\",\"itemListElement\":[{\"@type\":\"ListItem\",\"position\":1,\"name\":\"Startseite\",\"item\":\"https:\\\/\\\/imk-nextgear.com\\\/\"},{\"@type\":\"ListItem\",\"position\":2,\"name\":\"Impressum\"}]},{\"@type\":\"WebSite\",\"@id\":\"https:\\\/\\\/imk-nextgear.com\\\/#website\",\"url\":\"https:\\\/\\\/imk-nextgear.com\\\/\",\"name\":\"imk next|gear\",\"description\":\"Die perfekte Software zur Gestaltung Ihrer Getriebe\",\"publisher\":{\"@id\":\"https:\\\/\\\/imk-nextgear.com\\\/#organization\"},\"potentialAction\":[{\"@type\":\"SearchAction\",\"target\":{\"@type\":\"EntryPoint\",\"urlTemplate\":\"https:\\\/\\\/imk-nextgear.com\\\/?s={search_term_string}\"},\"query-input\":{\"@type\":\"PropertyValueSpecification\",\"valueRequired\":true,\"valueName\":\"search_term_string\"}}],\"inLanguage\":\"en-US\"},{\"@type\":\"Organization\",\"@id\":\"https:\\\/\\\/imk-nextgear.com\\\/#organization\",\"name\":\"imk next|gear\",\"url\":\"https:\\\/\\\/imk-nextgear.com\\\/\",\"logo\":{\"@type\":\"ImageObject\",\"inLanguage\":\"en-US\",\"@id\":\"https:\\\/\\\/imk-nextgear.com\\\/#\\\/schema\\\/logo\\\/image\\\/\",\"url\":\"https:\\\/\\\/imk-nextgear.com\\\/wp-content\\\/uploads\\\/2024\\\/07\\\/imk-Health-Logo.png\",\"contentUrl\":\"https:\\\/\\\/imk-nextgear.com\\\/wp-content\\\/uploads\\\/2024\\\/07\\\/imk-Health-Logo.png\",\"width\":822,\"height\":340,\"caption\":\"imk next|gear\"},\"image\":{\"@id\":\"https:\\\/\\\/imk-nextgear.com\\\/#\\\/schema\\\/logo\\\/image\\\/\"}}]}<\/script>\n<!-- \/ Yoast SEO plugin. -->","yoast_head_json":{"title":"Imprint - imk next|gear","robots":{"index":"index","follow":"follow","max-snippet":"max-snippet:-1","max-image-preview":"max-image-preview:large","max-video-preview":"max-video-preview:-1"},"canonical":"https:\/\/imk-nextgear.com\/en\/impressum\/","og_locale":"en_US","og_type":"article","og_title":"Impressum - imk next|gear","og_description":"Anschrift imk Management Services GmbHAmselgrund 3009128 Chemnitz Telefon: +49 (0)371 \u2013 400 97 0Fax: +49 (0)371 \u2013 400 97 19E-Mail:&nbsp;info@imk-ic.com Gesch\u00e4ftsf\u00fchrer Dr.-Ing. Jens Trepte Handelsregister Chemnitz HRB 20077 Steuernummer 214 \/ 111 \/ 03436 Finanzamt Chemnitz S\u00fcd Umsatzsteuer-ID DE 223912643 Haftung f\u00fcr Inhalte Die Inhalte unserer Seiten wurden mit gr\u00f6\u00dfter Sorgfalt erstellt. F\u00fcr die Richtigkeit, [&hellip;]","og_url":"https:\/\/imk-nextgear.com\/en\/impressum\/","og_site_name":"imk next|gear","article_modified_time":"2025-02-17T13:26:40+00:00","twitter_card":"summary_large_image","twitter_misc":{"Est. reading time":"3 minutes"},"schema":{"@context":"https:\/\/schema.org","@graph":[{"@type":"WebPage","@id":"https:\/\/imk-nextgear.com\/impressum\/","url":"https:\/\/imk-nextgear.com\/impressum\/","name":"Imprint - imk next|gear","isPartOf":{"@id":"https:\/\/imk-nextgear.com\/#website"},"datePublished":"2024-11-01T14:18:06+00:00","dateModified":"2025-02-17T13:26:40+00:00","breadcrumb":{"@id":"https:\/\/imk-nextgear.com\/impressum\/#breadcrumb"},"inLanguage":"en-US","potentialAction":[{"@type":"ReadAction","target":["https:\/\/imk-nextgear.com\/impressum\/"]}]},{"@type":"BreadcrumbList","@id":"https:\/\/imk-nextgear.com\/impressum\/#breadcrumb","itemListElement":[{"@type":"ListItem","position":1,"name":"Startseite","item":"https:\/\/imk-nextgear.com\/"},{"@type":"ListItem","position":2,"name":"Impressum"}]},{"@type":"WebSite","@id":"https:\/\/imk-nextgear.com\/#website","url":"https:\/\/imk-nextgear.com\/","name":"imk next|gear","description":"The perfect software for designing your gearboxes","publisher":{"@id":"https:\/\/imk-nextgear.com\/#organization"},"potentialAction":[{"@type":"SearchAction","target":{"@type":"EntryPoint","urlTemplate":"https:\/\/imk-nextgear.com\/?s={search_term_string}"},"query-input":{"@type":"PropertyValueSpecification","valueRequired":true,"valueName":"search_term_string"}}],"inLanguage":"en-US"},{"@type":"Organization","@id":"https:\/\/imk-nextgear.com\/#organization","name":"imk next|gear","url":"https:\/\/imk-nextgear.com\/","logo":{"@type":"ImageObject","inLanguage":"en-US","@id":"https:\/\/imk-nextgear.com\/#\/schema\/logo\/image\/","url":"https:\/\/imk-nextgear.com\/wp-content\/uploads\/2024\/07\/imk-Health-Logo.png","contentUrl":"https:\/\/imk-nextgear.com\/wp-content\/uploads\/2024\/07\/imk-Health-Logo.png","width":822,"height":340,"caption":"imk next|gear"},"image":{"@id":"https:\/\/imk-nextgear.com\/#\/schema\/logo\/image\/"}}]}},"_links":{"self":[{"href":"https:\/\/imk-nextgear.com\/en\/wp-json\/wp\/v2\/pages\/1070","targetHints":{"allow":["GET"]}}],"collection":[{"href":"https:\/\/imk-nextgear.com\/en\/wp-json\/wp\/v2\/pages"}],"about":[{"href":"https:\/\/imk-nextgear.com\/en\/wp-json\/wp\/v2\/types\/page"}],"author":[{"embeddable":true,"href":"https:\/\/imk-nextgear.com\/en\/wp-json\/wp\/v2\/users\/1"}],"replies":[{"embeddable":true,"href":"https:\/\/imk-nextgear.com\/en\/wp-json\/wp\/v2\/comments?post=1070"}],"version-history":[{"count":2,"href":"https:\/\/imk-nextgear.com\/en\/wp-json\/wp\/v2\/pages\/1070\/revisions"}],"predecessor-version":[{"id":1117,"href":"https:\/\/imk-nextgear.com\/en\/wp-json\/wp\/v2\/pages\/1070\/revisions\/1117"}],"wp:attachment":[{"href":"https:\/\/imk-nextgear.com\/en\/wp-json\/wp\/v2\/media?parent=1070"}],"curies":[{"name":"wp","href":"https:\/\/api.w.org\/{rel}","templated":true}]}}